{"id":1015,"date":"2024-02-01T23:32:27","date_gmt":"2024-02-02T04:32:27","guid":{"rendered":"https:\/\/www.sycod.com\/?page_id=1015"},"modified":"2024-02-28T16:28:19","modified_gmt":"2024-02-28T21:28:19","slug":"portafolio-de-soluciones-en-seguridad-informatica","status":"publish","type":"page","link":"https:\/\/sycod.com\/wp-backup\/portafolio-de-soluciones-en-seguridad-informatica\/","title":{"rendered":"Seguridad inform\u00e1tica"},"content":{"rendered":"<style>.elementor-1015 .elementor-element.elementor-element-c48606b{--display:flex;--flex-direction:column;--container-widget-width:100%;--container-widget-height:initial;--container-widget-flex-grow:0;--container-widget-align-self:initial;--flex-wrap-mobile:wrap;--margin-top:0px;--margin-bottom:0px;--margin-left:0px;--margin-right:0px;--padding-top:64px;--padding-bottom:0px;--padding-left:16px;--padding-right:16px;}.elementor-1015 .elementor-element.elementor-element-c4a44cb{--display:flex;--margin-top:0px;--margin-bottom:64px;--margin-left:0px;--margin-right:0px;}.elementor-1015 .elementor-element.elementor-element-d4758ba{text-align:center;width:var( --container-widget-width, 100% );max-width:100%;--container-widget-width:100%;--container-widget-flex-grow:0;}.elementor-1015 .elementor-element.elementor-element-d4758ba .elementor-heading-title{font-family:\"Inter\", Sans-serif;font-size:1rem;font-weight:500;text-transform:uppercase;line-height:1.5;letter-spacing:0.15008px;color:#646E73;}.elementor-1015 .elementor-element.elementor-element-d4758ba.elementor-element{--align-self:center;--flex-grow:0;--flex-shrink:0;}.elementor-1015 .elementor-element.elementor-element-a32e474{text-align:center;width:var( --container-widget-width, 100% );max-width:100%;--container-widget-width:100%;--container-widget-flex-grow:0;}.elementor-1015 .elementor-element.elementor-element-a32e474 .elementor-heading-title{font-family:\"Inter\", Sans-serif;font-size:2.9991rem;font-weight:700;line-height:1.167;letter-spacing:0.15008px;color:var( --e-global-color-secondary );}.elementor-1015 .elementor-element.elementor-element-a32e474.elementor-element{--align-self:center;--flex-grow:0;--flex-shrink:0;}.elementor-1015 .elementor-element.elementor-element-912925e{--display:flex;--flex-direction:row;--container-widget-width:initial;--container-widget-height:100%;--container-widget-flex-grow:1;--container-widget-align-self:stretch;--flex-wrap-mobile:wrap;--gap:25px 25px;--row-gap:25px;--column-gap:25px;--padding-top:10px;--padding-bottom:15px;--padding-left:16px;--padding-right:16px;}.elementor-1015 .elementor-element.elementor-element-b62002c{--display:flex;--flex-direction:column;--container-widget-width:100%;--container-widget-height:initial;--container-widget-flex-grow:0;--container-widget-align-self:initial;--flex-wrap-mobile:wrap;--border-radius:12px 12px 12px 12px;--padding-top:0px;--padding-bottom:0px;--padding-left:0px;--padding-right:0px;}.elementor-1015 .elementor-element.elementor-element-7596ea0{--display:flex;--flex-direction:column;--container-widget-width:100%;--container-widget-height:initial;--container-widget-flex-grow:0;--container-widget-align-self:initial;--flex-wrap-mobile:wrap;--border-radius:12px 12px 12px 12px;box-shadow:0px 3px 6px 0px rgba(139.99999999999997, 152, 163.99999999999997, 0.25);--padding-top:0px;--padding-bottom:0px;--padding-left:0px;--padding-right:0px;}.elementor-1015 .elementor-element.elementor-element-7596ea0:not(.elementor-motion-effects-element-type-background), .elementor-1015 .elementor-element.elementor-element-7596ea0 > .elementor-motion-effects-container > .elementor-motion-effects-layer{background-color:#FFFFFF;}.elementor-1015 .elementor-element.elementor-element-7596ea0.e-con:hover{--e-con-transform-translateY:-5px;}.elementor-1015 .elementor-element.elementor-element-ee20c2a img{height:240px;object-fit:cover;object-position:center center;border-radius:12px 12px 0px 0px;}.elementor-1015 .elementor-element.elementor-element-2040e7c .elementor-heading-title{font-family:\"Inter\", Sans-serif;font-size:1.25rem;font-weight:500;line-height:1.6;color:#2D3748;}.elementor-1015 .elementor-element.elementor-element-2040e7c > .elementor-widget-container{margin:0px 0px -10px 0px;padding:0px 16px 0px 16px;}.elementor-1015 .elementor-element.elementor-element-88e609f .elementor-heading-title{font-family:\"Inter\", Sans-serif;font-size:0.875rem;font-weight:400;line-height:1.43;color:#646E73;}.elementor-1015 .elementor-element.elementor-element-88e609f > .elementor-widget-container{padding:0px 16px 24px 16px;}.elementor-1015 .elementor-element.elementor-element-f73621a{--display:flex;--flex-direction:column;--container-widget-width:100%;--container-widget-height:initial;--container-widget-flex-grow:0;--container-widget-align-self:initial;--flex-wrap-mobile:wrap;--border-radius:12px 12px 12px 12px;--padding-top:0px;--padding-bottom:0px;--padding-left:0px;--padding-right:0px;}.elementor-1015 .elementor-element.elementor-element-fddf447{--display:flex;--flex-direction:row;--container-widget-width:initial;--container-widget-height:100%;--container-widget-flex-grow:1;--container-widget-align-self:stretch;--flex-wrap-mobile:wrap;--justify-content:center;--padding-top:32px;--padding-bottom:64px;--padding-left:16px;--padding-right:16px;}.elementor-1015 .elementor-element.elementor-element-a82f9e3{text-align:start;}.elementor-1015 .elementor-element.elementor-element-a82f9e3 .elementor-heading-title{font-family:\"Inter\", Sans-serif;font-size:1rem;font-weight:400;line-height:1.5;letter-spacing:0.15008px;color:var( --e-global-color-secondary );}.elementor-1015 .elementor-element.elementor-element-a82f9e3.elementor-element{--align-self:center;--flex-grow:0;--flex-shrink:0;}:root{--page-title-display:none;}@media(max-width:767px){.elementor-1015 .elementor-element.elementor-element-a32e474 .elementor-heading-title{font-size:2rem;line-height:1.167;}.elementor-1015 .elementor-element.elementor-element-2040e7c .elementor-heading-title{font-size:1.125rem;}.elementor-1015 .elementor-element.elementor-element-88e609f .elementor-heading-title{font-size:0.875rem;}}@media(min-width:768px){.elementor-1015 .elementor-element.elementor-element-c48606b{--content-width:1236px;}.elementor-1015 .elementor-element.elementor-element-c4a44cb{--content-width:1236px;}.elementor-1015 .elementor-element.elementor-element-912925e{--content-width:1236px;}.elementor-1015 .elementor-element.elementor-element-b62002c{--width:33.33%;}.elementor-1015 .elementor-element.elementor-element-7596ea0{--width:33.33%;}.elementor-1015 .elementor-element.elementor-element-f73621a{--width:33.33%;}.elementor-1015 .elementor-element.elementor-element-fddf447{--content-width:1236px;}}\/* Start custom CSS *\/.enlace {\r\n    margin: 0px;\r\n    color: rgb(25, 118, 210)!important;\r\n    text-decoration: underline rgba(25, 118, 210, 0.4) !important;\r\n}\/* End custom CSS *\/<\/style>\t\t<div data-elementor-type=\"wp-page\" data-elementor-id=\"1015\" class=\"elementor elementor-1015\" data-elementor-post-type=\"page\">\n\t\t\t\t<div class=\"elementor-element elementor-element-c48606b e-flex e-con-boxed e-con e-parent\" data-id=\"c48606b\" data-element_type=\"container\" data-e-type=\"container\" data-settings=\"{&quot;background_background&quot;:&quot;classic&quot;}\">\n\t\t\t\t\t<div class=\"e-con-inner\">\n\t\t<div class=\"elementor-element elementor-element-c4a44cb e-flex e-con-boxed e-con e-child\" data-id=\"c4a44cb\" data-element_type=\"container\" data-e-type=\"container\">\n\t\t\t\t\t<div class=\"e-con-inner\">\n\t\t\t\t<div class=\"elementor-element elementor-element-d4758ba elementor-widget__width-initial elementor-widget elementor-widget-heading\" data-id=\"d4758ba\" data-element_type=\"widget\" data-e-type=\"widget\" data-widget_type=\"heading.default\">\n\t\t\t\t<div class=\"elementor-widget-container\">\n\t\t\t\t\t<p class=\"elementor-heading-title elementor-size-xxl\">PORTAFOLIO DATA CENTER\n\n<\/p>\t\t\t\t<\/div>\n\t\t\t\t<\/div>\n\t\t\t\t<div class=\"elementor-element elementor-element-a32e474 elementor-widget__width-initial elementor-widget elementor-widget-heading\" data-id=\"a32e474\" data-element_type=\"widget\" data-e-type=\"widget\" data-widget_type=\"heading.default\">\n\t\t\t\t<div class=\"elementor-widget-container\">\n\t\t\t\t\t<h1 class=\"elementor-heading-title elementor-size-xxl\">Garantiza la confidencialidad, integridad\ny disponibilidad de la informaci\u00f3n<\/h1>\t\t\t\t<\/div>\n\t\t\t\t<\/div>\n\t\t\t\t\t<\/div>\n\t\t\t\t<\/div>\n\t\t\t\t\t<\/div>\n\t\t\t\t<\/div>\n\t\t<div class=\"elementor-element elementor-element-912925e e-flex e-con-boxed e-con e-parent\" data-id=\"912925e\" data-element_type=\"container\" data-e-type=\"container\">\n\t\t\t\t\t<div class=\"e-con-inner\">\n\t\t<div class=\"elementor-element elementor-element-b62002c e-con-full e-flex e-con e-child\" data-id=\"b62002c\" data-element_type=\"container\" data-e-type=\"container\">\n\t\t\t\t<\/div>\n\t\t<div class=\"elementor-element elementor-element-7596ea0 e-con-full e-transform e-flex e-con e-child\" data-id=\"7596ea0\" data-element_type=\"container\" data-e-type=\"container\" data-settings=\"{&quot;background_background&quot;:&quot;classic&quot;,&quot;_transform_translateY_effect_hover&quot;:{&quot;unit&quot;:&quot;px&quot;,&quot;size&quot;:-5,&quot;sizes&quot;:[]},&quot;_transform_translateX_effect_hover&quot;:{&quot;unit&quot;:&quot;px&quot;,&quot;size&quot;:&quot;&quot;,&quot;sizes&quot;:[]},&quot;_transform_translateX_effect_hover_tablet&quot;:{&quot;unit&quot;:&quot;px&quot;,&quot;size&quot;:&quot;&quot;,&quot;sizes&quot;:[]},&quot;_transform_translateX_effect_hover_mobile&quot;:{&quot;unit&quot;:&quot;px&quot;,&quot;size&quot;:&quot;&quot;,&quot;sizes&quot;:[]},&quot;_transform_translateY_effect_hover_tablet&quot;:{&quot;unit&quot;:&quot;px&quot;,&quot;size&quot;:&quot;&quot;,&quot;sizes&quot;:[]},&quot;_transform_translateY_effect_hover_mobile&quot;:{&quot;unit&quot;:&quot;px&quot;,&quot;size&quot;:&quot;&quot;,&quot;sizes&quot;:[]}}\">\n\t\t\t\t<div class=\"elementor-element elementor-element-ee20c2a elementor-widget elementor-widget-image\" data-id=\"ee20c2a\" data-element_type=\"widget\" data-e-type=\"widget\" data-widget_type=\"image.default\">\n\t\t\t\t<div class=\"elementor-widget-container\">\n\t\t\t\t\t\t\t\t\t\t\t\t\t\t\t\t<a href=\"https:\/\/sycod.com\/wp-backup\/ciberseguridad\/\">\n\t\t\t\t\t\t\t<img loading=\"lazy\" decoding=\"async\" width=\"788\" height=\"443\" src=\"https:\/\/sycod.com\/wp-backup\/wp-content\/uploads\/2024\/02\/ciberseguridad.jpg\" class=\"attachment-full size-full wp-image-1017\" alt=\"\" srcset=\"https:\/\/sycod.com\/wp-backup\/wp-content\/uploads\/2024\/02\/ciberseguridad.jpg 788w, https:\/\/sycod.com\/wp-backup\/wp-content\/uploads\/2024\/02\/ciberseguridad-300x169.jpg 300w, https:\/\/sycod.com\/wp-backup\/wp-content\/uploads\/2024\/02\/ciberseguridad-768x432.jpg 768w\" sizes=\"auto, (max-width: 788px) 100vw, 788px\" \/>\t\t\t\t\t\t\t\t<\/a>\n\t\t\t\t\t\t\t\t\t\t\t\t\t\t\t<\/div>\n\t\t\t\t<\/div>\n\t\t\t\t<div class=\"elementor-element elementor-element-2040e7c elementor-widget elementor-widget-heading\" data-id=\"2040e7c\" data-element_type=\"widget\" data-e-type=\"widget\" data-widget_type=\"heading.default\">\n\t\t\t\t<div class=\"elementor-widget-container\">\n\t\t\t\t\t<h2 class=\"elementor-heading-title elementor-size-default\"><a href=\"https:\/\/sycod.com\/wp-backup\/ciberseguridad\/\">Ciberseguridad<\/a><\/h2>\t\t\t\t<\/div>\n\t\t\t\t<\/div>\n\t\t\t\t<div class=\"elementor-element elementor-element-88e609f elementor-widget elementor-widget-heading\" data-id=\"88e609f\" data-element_type=\"widget\" data-e-type=\"widget\" data-widget_type=\"heading.default\">\n\t\t\t\t<div class=\"elementor-widget-container\">\n\t\t\t\t\t<p class=\"elementor-heading-title elementor-size-default\"><a href=\"https:\/\/sycod.com\/wp-backup\/ciberseguridad\/\">En un mundo cada vez m\u00e1s digital, las organizaciones almacenan y manejan una gran cantidad de datos confidenciales, que incluyen informaci\u00f3n personal, financiera y empresarial.<\/a><\/p>\t\t\t\t<\/div>\n\t\t\t\t<\/div>\n\t\t\t\t<\/div>\n\t\t<div class=\"elementor-element elementor-element-f73621a e-con-full e-flex e-con e-child\" data-id=\"f73621a\" data-element_type=\"container\" data-e-type=\"container\">\n\t\t\t\t<\/div>\n\t\t\t\t\t<\/div>\n\t\t\t\t<\/div>\n\t\t<div class=\"elementor-element elementor-element-fddf447 e-flex e-con-boxed e-con e-parent\" data-id=\"fddf447\" data-element_type=\"container\" data-e-type=\"container\">\n\t\t\t\t\t<div class=\"e-con-inner\">\n\t\t\t\t<div class=\"elementor-element elementor-element-a82f9e3 elementor-widget elementor-widget-heading\" data-id=\"a82f9e3\" data-element_type=\"widget\" data-e-type=\"widget\" data-widget_type=\"heading.default\">\n\t\t\t\t<div class=\"elementor-widget-container\">\n\t\t\t\t\t<p class=\"elementor-heading-title elementor-size-xxl\">Para brindarte mayor  informaci\u00f3n acerca de productos o soluciones por favor escr\u00edbenos a: <a class=\"enlace\" href=\"mailto:contacto@sycod.com\">contacto@sycod.com<\/a><\/p>\t\t\t\t<\/div>\n\t\t\t\t<\/div>\n\t\t\t\t\t<\/div>\n\t\t\t\t<\/div>\n\t\t\t\t<\/div>\n\t\t","protected":false},"excerpt":{"rendered":"<p>PORTAFOLIO DATA CENTER Garantiza la confidencialidad, integridad y disponibilidad de la informaci\u00f3n Ciberseguridad En un mundo cada vez m\u00e1s digital, las organizaciones almacenan y manejan una gran cantidad de datos confidenciales, que incluyen informaci\u00f3n personal, financiera y empresarial. Para brindarte mayor informaci\u00f3n acerca de productos o soluciones por favor escr\u00edbenos a: contacto@sycod.com<\/p>\n","protected":false},"author":1,"featured_media":0,"parent":0,"menu_order":0,"comment_status":"closed","ping_status":"closed","template":"","meta":{"footnotes":""},"class_list":["post-1015","page","type-page","status-publish","hentry"],"_links":{"self":[{"href":"https:\/\/sycod.com\/wp-backup\/wp-json\/wp\/v2\/pages\/1015","targetHints":{"allow":["GET"]}}],"collection":[{"href":"https:\/\/sycod.com\/wp-backup\/wp-json\/wp\/v2\/pages"}],"about":[{"href":"https:\/\/sycod.com\/wp-backup\/wp-json\/wp\/v2\/types\/page"}],"author":[{"embeddable":true,"href":"https:\/\/sycod.com\/wp-backup\/wp-json\/wp\/v2\/users\/1"}],"replies":[{"embeddable":true,"href":"https:\/\/sycod.com\/wp-backup\/wp-json\/wp\/v2\/comments?post=1015"}],"version-history":[{"count":28,"href":"https:\/\/sycod.com\/wp-backup\/wp-json\/wp\/v2\/pages\/1015\/revisions"}],"predecessor-version":[{"id":2628,"href":"https:\/\/sycod.com\/wp-backup\/wp-json\/wp\/v2\/pages\/1015\/revisions\/2628"}],"wp:attachment":[{"href":"https:\/\/sycod.com\/wp-backup\/wp-json\/wp\/v2\/media?parent=1015"}],"curies":[{"name":"wp","href":"https:\/\/api.w.org\/{rel}","templated":true}]}}