{"id":1021,"date":"2024-02-01T23:35:02","date_gmt":"2024-02-02T04:35:02","guid":{"rendered":"https:\/\/www.sycod.com\/?page_id=1021"},"modified":"2024-10-03T12:18:10","modified_gmt":"2024-10-03T18:18:10","slug":"portafolio-de-soluciones-en-aplicaciones-de-movilidad","status":"publish","type":"page","link":"https:\/\/sycod.com\/wp-backup\/portafolio-de-soluciones-en-aplicaciones-de-movilidad\/","title":{"rendered":"Aplicaciones de movilidad"},"content":{"rendered":"<style>.elementor-1021 .elementor-element.elementor-element-c48606b{--display:flex;--flex-direction:column;--container-widget-width:100%;--container-widget-height:initial;--container-widget-flex-grow:0;--container-widget-align-self:initial;--flex-wrap-mobile:wrap;--margin-top:0px;--margin-bottom:0px;--margin-left:0px;--margin-right:0px;--padding-top:64px;--padding-bottom:16px;--padding-left:16px;--padding-right:16px;}.elementor-1021 .elementor-element.elementor-element-c4a44cb{--display:flex;--margin-top:0px;--margin-bottom:64px;--margin-left:0px;--margin-right:0px;}.elementor-1021 .elementor-element.elementor-element-d4758ba{text-align:center;width:var( --container-widget-width, 100% );max-width:100%;--container-widget-width:100%;--container-widget-flex-grow:0;}.elementor-1021 .elementor-element.elementor-element-d4758ba .elementor-heading-title{font-family:\"Inter\", Sans-serif;font-size:1rem;font-weight:500;text-transform:uppercase;line-height:1.5;letter-spacing:0.15008px;color:#646E73;}.elementor-1021 .elementor-element.elementor-element-d4758ba.elementor-element{--align-self:center;--flex-grow:0;--flex-shrink:0;}.elementor-1021 .elementor-element.elementor-element-a32e474{text-align:center;width:var( --container-widget-width, 100% );max-width:100%;--container-widget-width:100%;--container-widget-flex-grow:0;}.elementor-1021 .elementor-element.elementor-element-a32e474 .elementor-heading-title{font-family:\"Inter\", Sans-serif;font-size:2.9991rem;font-weight:700;line-height:1.167;letter-spacing:0.15008px;color:var( --e-global-color-secondary );}.elementor-1021 .elementor-element.elementor-element-a32e474.elementor-element{--align-self:center;--flex-grow:0;--flex-shrink:0;}.elementor-1021 .elementor-element.elementor-element-912925e{--display:flex;--flex-direction:row;--container-widget-width:initial;--container-widget-height:100%;--container-widget-flex-grow:1;--container-widget-align-self:stretch;--flex-wrap-mobile:wrap;--gap:30px 30px;--row-gap:30px;--column-gap:30px;--flex-wrap:wrap;--padding-top:10px;--padding-bottom:010px;--padding-left:16px;--padding-right:16px;}.elementor-1021 .elementor-element.elementor-element-7596ea0{--display:flex;--flex-direction:column;--container-widget-width:100%;--container-widget-height:initial;--container-widget-flex-grow:0;--container-widget-align-self:initial;--flex-wrap-mobile:wrap;--border-radius:12px 12px 12px 12px;box-shadow:0px 3px 6px 0px rgba(139.99999999999997, 152, 163.99999999999997, 0.25);--padding-top:0px;--padding-bottom:0px;--padding-left:0px;--padding-right:0px;}.elementor-1021 .elementor-element.elementor-element-ee20c2a img{height:240px;object-fit:cover;object-position:center center;border-radius:12px 12px 0px 0px;}.elementor-1021 .elementor-element.elementor-element-2040e7c .elementor-heading-title{font-family:\"Inter\", Sans-serif;font-size:1.25rem;font-weight:500;line-height:1.6;color:#2D3748;}.elementor-1021 .elementor-element.elementor-element-2040e7c > .elementor-widget-container{margin:0px 0px -10px 0px;padding:0px 16px 0px 16px;}.elementor-1021 .elementor-element.elementor-element-88e609f .elementor-heading-title{font-family:\"Inter\", Sans-serif;font-size:0.875rem;font-weight:400;line-height:1.43;color:#646E73;}.elementor-1021 .elementor-element.elementor-element-88e609f > .elementor-widget-container{padding:0px 16px 24px 16px;}.elementor-1021 .elementor-element.elementor-element-b62002c{--display:flex;--flex-direction:column;--container-widget-width:100%;--container-widget-height:initial;--container-widget-flex-grow:0;--container-widget-align-self:initial;--flex-wrap-mobile:wrap;--border-radius:12px 12px 12px 12px;box-shadow:0px 3px 6px 0px rgba(139.99999999999997, 152, 163.99999999999997, 0.25);--padding-top:0px;--padding-bottom:0px;--padding-left:0px;--padding-right:0px;}.elementor-1021 .elementor-element.elementor-element-cf8e1dd img{height:240px;object-fit:cover;object-position:center center;border-radius:12px 12px 0px 0px;}.elementor-1021 .elementor-element.elementor-element-5823c44 .elementor-heading-title{font-family:\"Inter\", Sans-serif;font-size:1.25rem;font-weight:500;line-height:1.6;color:#2D3748;}.elementor-1021 .elementor-element.elementor-element-5823c44 > .elementor-widget-container{margin:0px 0px -10px 0px;padding:0px 16px 0px 16px;}.elementor-1021 .elementor-element.elementor-element-775fe5c .elementor-heading-title{font-family:\"Inter\", Sans-serif;font-size:0.875rem;font-weight:400;line-height:1.43;color:#646E73;}.elementor-1021 .elementor-element.elementor-element-775fe5c > .elementor-widget-container{padding:0px 16px 24px 16px;}.elementor-1021 .elementor-element.elementor-element-f73621a{--display:flex;--flex-direction:column;--container-widget-width:100%;--container-widget-height:initial;--container-widget-flex-grow:0;--container-widget-align-self:initial;--flex-wrap-mobile:wrap;--border-radius:12px 12px 12px 12px;box-shadow:0px 3px 6px 0px rgba(139.99999999999997, 152, 163.99999999999997, 0.25);--padding-top:0px;--padding-bottom:0px;--padding-left:0px;--padding-right:0px;}.elementor-1021 .elementor-element.elementor-element-8a46165 img{height:240px;object-fit:cover;object-position:center center;border-radius:12px 12px 0px 0px;}.elementor-1021 .elementor-element.elementor-element-7a28600 .elementor-heading-title{font-family:\"Inter\", Sans-serif;font-size:1.25rem;font-weight:500;line-height:1.6;color:#2D3748;}.elementor-1021 .elementor-element.elementor-element-7a28600 > .elementor-widget-container{margin:0px 0px -10px 0px;padding:0px 16px 0px 16px;}.elementor-1021 .elementor-element.elementor-element-93d802c .elementor-heading-title{font-family:\"Inter\", Sans-serif;font-size:0.875rem;font-weight:400;line-height:1.43;color:#646E73;}.elementor-1021 .elementor-element.elementor-element-93d802c > .elementor-widget-container{padding:0px 16px 24px 16px;}.elementor-1021 .elementor-element.elementor-element-9f8ded5{--display:flex;--flex-direction:column;--container-widget-width:100%;--container-widget-height:initial;--container-widget-flex-grow:0;--container-widget-align-self:initial;--flex-wrap-mobile:wrap;--border-radius:12px 12px 12px 12px;box-shadow:0px 3px 6px 0px rgba(139.99999999999997, 152, 163.99999999999997, 0.25);--padding-top:0px;--padding-bottom:0px;--padding-left:0px;--padding-right:0px;}.elementor-1021 .elementor-element.elementor-element-bfa9542 img{height:240px;object-fit:cover;object-position:center center;border-radius:12px 12px 0px 0px;}.elementor-1021 .elementor-element.elementor-element-6f8a0e9 .elementor-heading-title{font-family:\"Inter\", Sans-serif;font-size:1.25rem;font-weight:500;line-height:1.6;color:#2D3748;}.elementor-1021 .elementor-element.elementor-element-6f8a0e9 > .elementor-widget-container{margin:0px 0px -10px 0px;padding:0px 16px 0px 16px;}.elementor-1021 .elementor-element.elementor-element-2e3f17f .elementor-heading-title{font-family:\"Inter\", Sans-serif;font-size:0.875rem;font-weight:400;line-height:1.43;color:#646E73;}.elementor-1021 .elementor-element.elementor-element-2e3f17f > .elementor-widget-container{padding:0px 16px 24px 16px;}.elementor-1021 .elementor-element.elementor-element-fddf447{--display:flex;--flex-direction:row;--container-widget-width:initial;--container-widget-height:100%;--container-widget-flex-grow:1;--container-widget-align-self:stretch;--flex-wrap-mobile:wrap;--justify-content:center;--padding-top:32px;--padding-bottom:64px;--padding-left:16px;--padding-right:16px;}.elementor-1021 .elementor-element.elementor-element-a82f9e3{text-align:start;}.elementor-1021 .elementor-element.elementor-element-a82f9e3 .elementor-heading-title{font-family:\"Inter\", Sans-serif;font-size:1rem;font-weight:400;line-height:1.5;letter-spacing:0.15008px;color:var( --e-global-color-secondary );}.elementor-1021 .elementor-element.elementor-element-a82f9e3.elementor-element{--align-self:center;--flex-grow:0;--flex-shrink:0;}:root{--page-title-display:none;}@media(max-width:767px){.elementor-1021 .elementor-element.elementor-element-c48606b{--margin-top:0px;--margin-bottom:0px;--margin-left:0px;--margin-right:0px;--padding-top:64px;--padding-bottom:16px;--padding-left:16px;--padding-right:16px;}.elementor-1021 .elementor-element.elementor-element-a32e474 .elementor-heading-title{font-size:2rem;line-height:1.167;}.elementor-1021 .elementor-element.elementor-element-2040e7c .elementor-heading-title{font-size:1.125rem;}.elementor-1021 .elementor-element.elementor-element-5823c44 .elementor-heading-title{font-size:1.125rem;}.elementor-1021 .elementor-element.elementor-element-7a28600 .elementor-heading-title{font-size:1.125rem;}.elementor-1021 .elementor-element.elementor-element-6f8a0e9 .elementor-heading-title{font-size:1.125rem;}}@media(min-width:768px){.elementor-1021 .elementor-element.elementor-element-c48606b{--content-width:1236px;}.elementor-1021 .elementor-element.elementor-element-c4a44cb{--content-width:1236px;}.elementor-1021 .elementor-element.elementor-element-912925e{--content-width:1236px;}.elementor-1021 .elementor-element.elementor-element-7596ea0{--width:48.7%;}.elementor-1021 .elementor-element.elementor-element-b62002c{--width:48.8%;}.elementor-1021 .elementor-element.elementor-element-f73621a{--width:48.7%;}.elementor-1021 .elementor-element.elementor-element-9f8ded5{--width:48.7%;}.elementor-1021 .elementor-element.elementor-element-fddf447{--content-width:1236px;}}\/* Start custom CSS *\/.enlace {\r\n    margin: 0px;\r\n    color: rgb(25, 118, 210)!important;\r\n    text-decoration: underline rgba(25, 118, 210, 0.4) !important;\r\n}\/* End custom CSS *\/<\/style>\t\t<div data-elementor-type=\"wp-page\" data-elementor-id=\"1021\" class=\"elementor elementor-1021\" data-elementor-post-type=\"page\">\n\t\t\t\t<div class=\"elementor-element elementor-element-c48606b e-flex e-con-boxed e-con e-parent\" data-id=\"c48606b\" data-element_type=\"container\" data-e-type=\"container\" data-settings=\"{&quot;background_background&quot;:&quot;classic&quot;}\">\n\t\t\t\t\t<div class=\"e-con-inner\">\n\t\t<div class=\"elementor-element elementor-element-c4a44cb e-flex e-con-boxed e-con e-child\" data-id=\"c4a44cb\" data-element_type=\"container\" data-e-type=\"container\">\n\t\t\t\t\t<div class=\"e-con-inner\">\n\t\t\t\t<div class=\"elementor-element elementor-element-d4758ba elementor-widget__width-initial elementor-widget elementor-widget-heading\" data-id=\"d4758ba\" data-element_type=\"widget\" data-e-type=\"widget\" data-widget_type=\"heading.default\">\n\t\t\t\t<div class=\"elementor-widget-container\">\n\t\t\t\t\t<p class=\"elementor-heading-title elementor-size-xxl\">PORTAFOLIO DE APLICACIONES DE MOVILIDAD\n\n<\/p>\t\t\t\t<\/div>\n\t\t\t\t<\/div>\n\t\t\t\t<div class=\"elementor-element elementor-element-a32e474 elementor-widget__width-initial elementor-widget elementor-widget-heading\" data-id=\"a32e474\" data-element_type=\"widget\" data-e-type=\"widget\" data-widget_type=\"heading.default\">\n\t\t\t\t<div class=\"elementor-widget-container\">\n\t\t\t\t\t<h1 class=\"elementor-heading-title elementor-size-xxl\">Tecnolog\u00edas y procesos que pueden aumentar\nla eficiencia de las operaciones<\/h1>\t\t\t\t<\/div>\n\t\t\t\t<\/div>\n\t\t\t\t\t<\/div>\n\t\t\t\t<\/div>\n\t\t\t\t\t<\/div>\n\t\t\t\t<\/div>\n\t\t<div class=\"elementor-element elementor-element-912925e e-flex e-con-boxed e-con e-parent\" data-id=\"912925e\" data-element_type=\"container\" data-e-type=\"container\">\n\t\t\t\t\t<div class=\"e-con-inner\">\n\t\t<div class=\"elementor-element elementor-element-7596ea0 e-con-full e-flex e-con e-child\" data-id=\"7596ea0\" data-element_type=\"container\" data-e-type=\"container\">\n\t\t\t\t<div class=\"elementor-element elementor-element-ee20c2a elementor-widget elementor-widget-image\" data-id=\"ee20c2a\" data-element_type=\"widget\" data-e-type=\"widget\" data-widget_type=\"image.default\">\n\t\t\t\t<div class=\"elementor-widget-container\">\n\t\t\t\t\t\t\t\t\t\t\t\t\t\t\t\t<a href=\"https:\/\/sycod.com\/wp-backup\/internet-de-las-cosas\/\">\n\t\t\t\t\t\t\t<img loading=\"lazy\" decoding=\"async\" width=\"1000\" height=\"750\" src=\"https:\/\/sycod.com\/wp-backup\/wp-content\/uploads\/2024\/02\/internet-de-las-cosas.webp\" class=\"attachment-full size-full wp-image-2632\" alt=\"\" srcset=\"https:\/\/sycod.com\/wp-backup\/wp-content\/uploads\/2024\/02\/internet-de-las-cosas.webp 1000w, https:\/\/sycod.com\/wp-backup\/wp-content\/uploads\/2024\/02\/internet-de-las-cosas-300x225.webp 300w, https:\/\/sycod.com\/wp-backup\/wp-content\/uploads\/2024\/02\/internet-de-las-cosas-768x576.webp 768w\" sizes=\"auto, (max-width: 1000px) 100vw, 1000px\" \/>\t\t\t\t\t\t\t\t<\/a>\n\t\t\t\t\t\t\t\t\t\t\t\t\t\t\t<\/div>\n\t\t\t\t<\/div>\n\t\t\t\t<div class=\"elementor-element elementor-element-2040e7c elementor-widget elementor-widget-heading\" data-id=\"2040e7c\" data-element_type=\"widget\" data-e-type=\"widget\" data-widget_type=\"heading.default\">\n\t\t\t\t<div class=\"elementor-widget-container\">\n\t\t\t\t\t<h2 class=\"elementor-heading-title elementor-size-default\"><a href=\"https:\/\/sycod.com\/wp-backup\/internet-de-las-cosas\/\">Internet de las Cosas<\/a><\/h2>\t\t\t\t<\/div>\n\t\t\t\t<\/div>\n\t\t\t\t<div class=\"elementor-element elementor-element-88e609f elementor-widget elementor-widget-heading\" data-id=\"88e609f\" data-element_type=\"widget\" data-e-type=\"widget\" data-widget_type=\"heading.default\">\n\t\t\t\t<div class=\"elementor-widget-container\">\n\t\t\t\t\t<p class=\"elementor-heading-title elementor-size-default\"><a href=\"https:\/\/sycod.com\/wp-backup\/internet-de-las-cosas\/\">Red de dispositivos f\u00edsicos que est\u00e1n conectados a trav\u00e9s de Internet que pueden recopilar y compartir datos entre s\u00ed sin necesidad de intervenci\u00f3n humana.<\/a><\/p>\t\t\t\t<\/div>\n\t\t\t\t<\/div>\n\t\t\t\t<\/div>\n\t\t<div class=\"elementor-element elementor-element-b62002c e-con-full e-flex e-con e-child\" data-id=\"b62002c\" data-element_type=\"container\" data-e-type=\"container\">\n\t\t\t\t<div class=\"elementor-element elementor-element-cf8e1dd elementor-widget elementor-widget-image\" data-id=\"cf8e1dd\" data-element_type=\"widget\" data-e-type=\"widget\" data-widget_type=\"image.default\">\n\t\t\t\t<div class=\"elementor-widget-container\">\n\t\t\t\t\t\t\t\t\t\t\t\t\t\t\t\t<a href=\"https:\/\/sycod.com\/wp-backup\/automatizcion-de-procesos\/\">\n\t\t\t\t\t\t\t<img loading=\"lazy\" decoding=\"async\" width=\"836\" height=\"418\" src=\"https:\/\/sycod.com\/wp-backup\/wp-content\/uploads\/2024\/02\/automatizacion-de-procesos.jpg\" class=\"attachment-full size-full wp-image-1036\" alt=\"\" srcset=\"https:\/\/sycod.com\/wp-backup\/wp-content\/uploads\/2024\/02\/automatizacion-de-procesos.jpg 836w, https:\/\/sycod.com\/wp-backup\/wp-content\/uploads\/2024\/02\/automatizacion-de-procesos-300x150.jpg 300w, https:\/\/sycod.com\/wp-backup\/wp-content\/uploads\/2024\/02\/automatizacion-de-procesos-768x384.jpg 768w\" sizes=\"auto, (max-width: 836px) 100vw, 836px\" \/>\t\t\t\t\t\t\t\t<\/a>\n\t\t\t\t\t\t\t\t\t\t\t\t\t\t\t<\/div>\n\t\t\t\t<\/div>\n\t\t\t\t<div class=\"elementor-element elementor-element-5823c44 elementor-widget elementor-widget-heading\" data-id=\"5823c44\" data-element_type=\"widget\" data-e-type=\"widget\" data-widget_type=\"heading.default\">\n\t\t\t\t<div class=\"elementor-widget-container\">\n\t\t\t\t\t<h2 class=\"elementor-heading-title elementor-size-default\"><a href=\"https:\/\/sycod.com\/wp-backup\/automatizcion-de-procesos\/\">Automatizaci\u00f3n de Procesos<\/a><\/h2>\t\t\t\t<\/div>\n\t\t\t\t<\/div>\n\t\t\t\t<div class=\"elementor-element elementor-element-775fe5c elementor-widget elementor-widget-heading\" data-id=\"775fe5c\" data-element_type=\"widget\" data-e-type=\"widget\" data-widget_type=\"heading.default\">\n\t\t\t\t<div class=\"elementor-widget-container\">\n\t\t\t\t\t<p class=\"elementor-heading-title elementor-size-default\"><a href=\"https:\/\/sycod.com\/wp-backup\/automatizcion-de-procesos\/\">Aumenta la eficiencia, la consistencia y la precisi\u00f3n de las operaciones, as\u00ed como reduce los costos y los errores humanos.<\/a><\/p>\t\t\t\t<\/div>\n\t\t\t\t<\/div>\n\t\t\t\t<\/div>\n\t\t<div class=\"elementor-element elementor-element-f73621a e-con-full e-flex e-con e-child\" data-id=\"f73621a\" data-element_type=\"container\" data-e-type=\"container\">\n\t\t\t\t<div class=\"elementor-element elementor-element-8a46165 elementor-widget elementor-widget-image\" data-id=\"8a46165\" data-element_type=\"widget\" data-e-type=\"widget\" data-widget_type=\"image.default\">\n\t\t\t\t<div class=\"elementor-widget-container\">\n\t\t\t\t\t\t\t\t\t\t\t\t\t\t\t\t<a href=\"https:\/\/sycod.com\/wp-backup\/identificacion-por-radiofrecuencia\/\">\n\t\t\t\t\t\t\t<img loading=\"lazy\" decoding=\"async\" width=\"918\" height=\"380\" src=\"https:\/\/sycod.com\/wp-backup\/wp-content\/uploads\/2024\/02\/centros-de-distribucion.jpg\" class=\"attachment-full size-full wp-image-1037\" alt=\"\" srcset=\"https:\/\/sycod.com\/wp-backup\/wp-content\/uploads\/2024\/02\/centros-de-distribucion.jpg 918w, https:\/\/sycod.com\/wp-backup\/wp-content\/uploads\/2024\/02\/centros-de-distribucion-300x124.jpg 300w, https:\/\/sycod.com\/wp-backup\/wp-content\/uploads\/2024\/02\/centros-de-distribucion-768x318.jpg 768w\" sizes=\"auto, (max-width: 918px) 100vw, 918px\" \/>\t\t\t\t\t\t\t\t<\/a>\n\t\t\t\t\t\t\t\t\t\t\t\t\t\t\t<\/div>\n\t\t\t\t<\/div>\n\t\t\t\t<div class=\"elementor-element elementor-element-7a28600 elementor-widget elementor-widget-heading\" data-id=\"7a28600\" data-element_type=\"widget\" data-e-type=\"widget\" data-widget_type=\"heading.default\">\n\t\t\t\t<div class=\"elementor-widget-container\">\n\t\t\t\t\t<h2 class=\"elementor-heading-title elementor-size-default\"><a href=\"https:\/\/sycod.com\/wp-backup\/identificacion-por-radiofrecuencia\/\">Identificaci\u00f3n por Radio Frecuencia (RFID)<\/a><\/h2>\t\t\t\t<\/div>\n\t\t\t\t<\/div>\n\t\t\t\t<div class=\"elementor-element elementor-element-93d802c elementor-widget elementor-widget-heading\" data-id=\"93d802c\" data-element_type=\"widget\" data-e-type=\"widget\" data-widget_type=\"heading.default\">\n\t\t\t\t<div class=\"elementor-widget-container\">\n\t\t\t\t\t<p class=\"elementor-heading-title elementor-size-default\"><a href=\"https:\/\/sycod.com\/wp-backup\/identificacion-por-radiofrecuencia\/\">El sistema RFID consta de etiquetas RFID (tambi\u00e9n conocidas como tags o etiquetas inteligentes), lectores y un software para gestionar la informaci\u00f3n.<\/a><\/p>\t\t\t\t<\/div>\n\t\t\t\t<\/div>\n\t\t\t\t<\/div>\n\t\t<div class=\"elementor-element elementor-element-9f8ded5 e-con-full e-flex e-con e-child\" data-id=\"9f8ded5\" data-element_type=\"container\" data-e-type=\"container\">\n\t\t\t\t<div class=\"elementor-element elementor-element-bfa9542 elementor-widget elementor-widget-image\" data-id=\"bfa9542\" data-element_type=\"widget\" data-e-type=\"widget\" data-widget_type=\"image.default\">\n\t\t\t\t<div class=\"elementor-widget-container\">\n\t\t\t\t\t\t\t\t\t\t\t\t\t\t\t<img loading=\"lazy\" decoding=\"async\" width=\"640\" height=\"457\" src=\"https:\/\/sycod.com\/wp-backup\/wp-content\/uploads\/2024\/02\/logistica-transporte.png\" class=\"attachment-full size-full wp-image-1038\" alt=\"\" srcset=\"https:\/\/sycod.com\/wp-backup\/wp-content\/uploads\/2024\/02\/logistica-transporte.png 640w, https:\/\/sycod.com\/wp-backup\/wp-content\/uploads\/2024\/02\/logistica-transporte-300x214.png 300w\" sizes=\"auto, (max-width: 640px) 100vw, 640px\" \/>\t\t\t\t\t\t\t\t\t\t\t\t\t\t\t<\/div>\n\t\t\t\t<\/div>\n\t\t\t\t<div class=\"elementor-element elementor-element-6f8a0e9 elementor-widget elementor-widget-heading\" data-id=\"6f8a0e9\" data-element_type=\"widget\" data-e-type=\"widget\" data-widget_type=\"heading.default\">\n\t\t\t\t<div class=\"elementor-widget-container\">\n\t\t\t\t\t<h2 class=\"elementor-heading-title elementor-size-default\"><a href=\"https:\/\/sycod.com\/wp-backup\/wp-backup\/iot-para-logistica-y-transporte\/\">IoT para Log\u00edstica y Transporte<\/a><\/h2>\t\t\t\t<\/div>\n\t\t\t\t<\/div>\n\t\t\t\t<div class=\"elementor-element elementor-element-2e3f17f elementor-widget elementor-widget-heading\" data-id=\"2e3f17f\" data-element_type=\"widget\" data-e-type=\"widget\" data-widget_type=\"heading.default\">\n\t\t\t\t<div class=\"elementor-widget-container\">\n\t\t\t\t\t<p class=\"elementor-heading-title elementor-size-default\">La log\u00edstica y el transporte son dos componentes fundamentales en la gesti\u00f3n de la cadena de suministro y desempe\u00f1an un papel cr\u00edtico en la entrega eficiente de productos y servicios a los clientes.<\/p>\t\t\t\t<\/div>\n\t\t\t\t<\/div>\n\t\t\t\t<\/div>\n\t\t\t\t\t<\/div>\n\t\t\t\t<\/div>\n\t\t<div class=\"elementor-element elementor-element-fddf447 e-flex e-con-boxed e-con e-parent\" data-id=\"fddf447\" data-element_type=\"container\" data-e-type=\"container\">\n\t\t\t\t\t<div class=\"e-con-inner\">\n\t\t\t\t<div class=\"elementor-element elementor-element-a82f9e3 elementor-widget elementor-widget-heading\" data-id=\"a82f9e3\" data-element_type=\"widget\" data-e-type=\"widget\" data-widget_type=\"heading.default\">\n\t\t\t\t<div class=\"elementor-widget-container\">\n\t\t\t\t\t<p class=\"elementor-heading-title elementor-size-xxl\">Para brindarte mayor  informaci\u00f3n acerca de productos o soluciones por favor escr\u00edbenos a: <a class=\"enlace\" href=\"mailto:contacto@sycod.com\">contacto@sycod.com<\/a><\/p>\t\t\t\t<\/div>\n\t\t\t\t<\/div>\n\t\t\t\t\t<\/div>\n\t\t\t\t<\/div>\n\t\t\t\t<\/div>\n\t\t","protected":false},"excerpt":{"rendered":"<p>PORTAFOLIO DE APLICACIONES DE MOVILIDAD Tecnolog\u00edas y procesos que pueden aumentar la eficiencia de las operaciones Internet de las Cosas Red de dispositivos f\u00edsicos que est\u00e1n conectados a trav\u00e9s de Internet que pueden recopilar y compartir datos entre s\u00ed sin necesidad de intervenci\u00f3n humana. Automatizaci\u00f3n de Procesos Aumenta la eficiencia, la consistencia y la precisi\u00f3n [&hellip;]<\/p>\n","protected":false},"author":1,"featured_media":0,"parent":0,"menu_order":0,"comment_status":"closed","ping_status":"closed","template":"","meta":{"footnotes":""},"class_list":["post-1021","page","type-page","status-publish","hentry"],"_links":{"self":[{"href":"https:\/\/sycod.com\/wp-backup\/wp-json\/wp\/v2\/pages\/1021","targetHints":{"allow":["GET"]}}],"collection":[{"href":"https:\/\/sycod.com\/wp-backup\/wp-json\/wp\/v2\/pages"}],"about":[{"href":"https:\/\/sycod.com\/wp-backup\/wp-json\/wp\/v2\/types\/page"}],"author":[{"embeddable":true,"href":"https:\/\/sycod.com\/wp-backup\/wp-json\/wp\/v2\/users\/1"}],"replies":[{"embeddable":true,"href":"https:\/\/sycod.com\/wp-backup\/wp-json\/wp\/v2\/comments?post=1021"}],"version-history":[{"count":3,"href":"https:\/\/sycod.com\/wp-backup\/wp-json\/wp\/v2\/pages\/1021\/revisions"}],"predecessor-version":[{"id":6149,"href":"https:\/\/sycod.com\/wp-backup\/wp-json\/wp\/v2\/pages\/1021\/revisions\/6149"}],"wp:attachment":[{"href":"https:\/\/sycod.com\/wp-backup\/wp-json\/wp\/v2\/media?parent=1021"}],"curies":[{"name":"wp","href":"https:\/\/api.w.org\/{rel}","templated":true}]}}